{"id":3522,"date":"2024-02-28T19:26:16","date_gmt":"2024-02-28T18:26:16","guid":{"rendered":"https:\/\/www.dueco-wahlen.ch\/wp\/?page_id=3522"},"modified":"2024-05-03T13:37:54","modified_gmt":"2024-05-03T11:37:54","slug":"farbpalette","status":"publish","type":"page","link":"https:\/\/www.dueco-wahlen.ch\/wp\/farbpalette\/","title":{"rendered":"Farbpalette"},"content":{"rendered":"<div class=\"wpb-content-wrapper\"><div class=\"vc_row wpb_row vc_row-fluid\"><div class=\"wpb_column vc_column_container vc_col-sm-8\"><div class=\"vc_column-inner\"><div class=\"wpb_wrapper\">\n\t<div class=\"wpb_text_column wpb_content_element\" >\n\t\t<div class=\"wpb_wrapper\">\n\t\t\t<p>Es gibt die\u00a0<img loading=\"lazy\" decoding=\"async\" src=\"https:\/\/www.dueco-wahlen.ch\/wp\/wp-content\/uploads\/2024\/04\/dueco.png\" alt=\"dueco\" width=\"61\" height=\"21\" \/> PVC-Hartschaum Sockelleisten in 30 Standardfarben. Die Farbpalette reicht von Pastellt\u00f6nen bis hin zu kr\u00e4ftigen Trendfarben. Von weiss \u00fcber verschiedenste Graut\u00f6ne bis schwarz, von verschiedenen Hellbraunt\u00f6nen bis dunkelbraun, oder in kr\u00e4ftigen Farben von gelb, rot, gr\u00fcn bis blau. Dies erm\u00f6glicht es Ihnen, Ihre Umgebung nach Ihren eigenen W\u00fcnschen zu gestalten. Sei es auf eine harmonisierte oder auf eine kontrastschaffende Weise. Oder vielleicht einmal ganz anders, mit unserer ALU-Hartschaum Sockelleiste in Metall-Look.<\/p>\n<p><strong>Neue Farben:<br \/>\nN 2030:<\/strong><br \/>\n<img decoding=\"async\" src=\"https:\/\/www.dueco-wahlen.ch\/wp\/wp-content\/uploads\/2024\/04\/NCS_2030.jpg\" alt=\"NCS 2030\" \/>\u00a0 passt zu allen Eichen- und Buchenbodenbel\u00e4ge&#8230;<\/p>\n<p><strong>R 9005:<\/strong><br \/>\n<img decoding=\"async\" src=\"https:\/\/www.dueco-wahlen.ch\/wp\/wp-content\/uploads\/2024\/04\/RAL_9005.png\" alt=\"RAL 9005\" \/>\u00a0 tiefenschwarz<\/p>\n<p><strong>\u00a0<\/strong><\/p>\n<p>Unsere Standartfarben:<br \/>\n<img loading=\"lazy\" decoding=\"async\" src=\"https:\/\/www.dueco-wahlen.ch\/wp\/wp-content\/uploads\/2024\/04\/Farbpalette.png\" alt=\"\" width=\"839\" height=\"834\" \/><\/p>\n<p>Ist Ihre Farbe nicht dabei?<\/p>\n<p><strong><img decoding=\"async\" src=\"https:\/\/www.dueco-wahlen.ch\/wp\/wp-content\/uploads\/2024\/04\/Farbfaecher.png\" alt=\"Farbfaecher\" \/>\u00a0\u00a0 <\/strong><\/p>\n<p><strong>Auf Wunsch k\u00f6nnen wir Ihren individuellen Farbton (NCS oder RAL) herstellen.<br \/>\nPreis und Lieferzeit auf Anfrage\u00a0 <span id=\"cloaka8e5fca32a94f739b749c88b20b76d4c\"><a href=\"mailto:info@dueco-wahlen.ch\">&gt; E-Mail<\/a><\/span><\/strong><\/p>\n\n\t\t<\/div>\n\t<\/div>\n<\/div><\/div><\/div><div class=\"wpb_column vc_column_container vc_col-sm-4 vc_col-has-fill\"><div class=\"vc_column-inner vc_custom_1710623705165\"><div class=\"wpb_wrapper\">\n\t<div class=\"wpb_text_column wpb_content_element\" >\n\t\t<div class=\"wpb_wrapper\">\n\t\t\t<div class=\"module\">\n<div class=\"module_padding\">\n<div class=\"module_header\">\n<div>\n<h3 class=\"\">Trendfarbe 2024<\/h3>\n<\/div>\n<\/div>\n<div class=\"module_content\">\n<div class=\"custom\">\n<p>\u00a0<img loading=\"lazy\" decoding=\"async\" src=\"https:\/\/www.dueco-wahlen.ch\/wp\/wp-content\/uploads\/2024\/04\/NCS2005Y5.png\" alt=\"NCS2005Y5\" width=\"292\" height=\"288\" \/><br \/>\nNCS 2005 beige\/grau<br \/>\nAuf Anfrage.<\/p>\n<\/div>\n<\/div>\n<\/div>\n<\/div>\n\n\t\t<\/div>\n\t<\/div>\n<div class=\"vc_separator wpb_content_element vc_separator_align_center vc_sep_width_100 vc_sep_pos_align_center vc_separator_no_text vc_sep_color_grey wpb_content_element  wpb_content_element\" ><span class=\"vc_sep_holder vc_sep_holder_l\"><span class=\"vc_sep_line\"><\/span><\/span><span class=\"vc_sep_holder vc_sep_holder_r\"><span class=\"vc_sep_line\"><\/span><\/span>\n<\/div>\n\t<div class=\"wpb_text_column wpb_content_element\" >\n\t\t<div class=\"wpb_wrapper\">\n\t\t\t<div class=\"module_header\">\n<div>\n<h3 class=\"\">Farbmusterkollektion<\/h3>\n<\/div>\n<\/div>\n<div class=\"module_content\">\n<div class=\"custom\">\n<p>Bestellen Sie unsere Farbmuster-Kollektionsbox:<\/p>\n<p><img decoding=\"async\" src=\"https:\/\/www.dueco-wahlen.ch\/wp\/wp-content\/uploads\/2024\/04\/Farbbox.png\" alt=\"Farbbox\" \/><a href=\"mailto:info@dueco-wahlen.ch\"><br \/>\n<strong>&gt; bestellen<\/strong><\/a><\/p>\n<\/div>\n<\/div>\n\n\t\t<\/div>\n\t<\/div>\n<div class=\"vc_separator wpb_content_element vc_separator_align_center vc_sep_width_100 vc_sep_pos_align_center vc_separator_no_text vc_sep_color_grey wpb_content_element  wpb_content_element\" ><span class=\"vc_sep_holder vc_sep_holder_l\"><span class=\"vc_sep_line\"><\/span><\/span><span class=\"vc_sep_holder vc_sep_holder_r\"><span class=\"vc_sep_line\"><\/span><\/span>\n<\/div>\n\t<div class=\"wpb_text_column wpb_content_element\" >\n\t\t<div class=\"wpb_wrapper\">\n\t\t\t<div class=\"module_header\">\n<div>\n<h3 class=\"\">ALU natureloxiert<\/h3>\n<\/div>\n<\/div>\n<div class=\"module_content\">\n<div class=\"custom\">\n<p><img loading=\"lazy\" decoding=\"async\" src=\"\/web\/images\/Aluleiste-Modul-mit.png\" alt=\"Aluleiste Modul mit\" width=\"131\" height=\"213\" \/><\/p>\n<\/div>\n<\/div>\n\n\t\t<\/div>\n\t<\/div>\n<\/div><\/div><\/div><\/div>\n<\/div>","protected":false},"excerpt":{"rendered":"","protected":false},"author":2,"featured_media":0,"parent":0,"menu_order":0,"comment_status":"closed","ping_status":"closed","template":"template-fullwidth.php","meta":{"footnotes":"","_links_to":"","_links_to_target":""},"class_list":["post-3522","page","type-page","status-publish","hentry"],"yoast_head":"<!-- This site is optimized with the Yoast SEO plugin v27.4 - https:\/\/yoast.com\/product\/yoast-seo-wordpress\/ -->\n<title>farbige Hartschaumsockelleisten I farbige PVC-Hartschaumsockelleisten I farbige Alu-Hartschaumsockelleisten<\/title>\n<meta name=\"description\" content=\"Aus Schweizer Produktion beliefern wir Sie mit farbige Hartschaumsockelleisten, farbige PVC-Hartschaumsockelleisten und farbige Alu-Hartschaumsockelleisten\" \/>\n<meta name=\"robots\" content=\"index, follow, max-snippet:-1, max-image-preview:large, max-video-preview:-1\" \/>\n<link rel=\"canonical\" href=\"https:\/\/www.dueco-wahlen.ch\/wp\/farbpalette\/\" \/>\n<meta property=\"og:locale\" content=\"de_DE\" \/>\n<meta property=\"og:type\" content=\"article\" \/>\n<meta property=\"og:title\" content=\"farbige Hartschaumsockelleisten I farbige PVC-Hartschaumsockelleisten I farbige Alu-Hartschaumsockelleisten\" \/>\n<meta property=\"og:description\" content=\"Aus Schweizer Produktion beliefern wir Sie mit farbige Hartschaumsockelleisten, farbige PVC-Hartschaumsockelleisten und farbige Alu-Hartschaumsockelleisten\" \/>\n<meta property=\"og:url\" content=\"https:\/\/www.dueco-wahlen.ch\/wp\/farbpalette\/\" \/>\n<meta property=\"og:site_name\" content=\"D\u00fcco Wahlen AG\" \/>\n<meta property=\"article:modified_time\" content=\"2024-05-03T11:37:54+00:00\" \/>\n<meta property=\"og:image\" content=\"https:\/\/www.dueco-wahlen.ch\/wp\/wp-content\/uploads\/2024\/04\/dueco.png\" \/>\n<meta name=\"twitter:card\" content=\"summary_large_image\" \/>\n<meta name=\"twitter:label1\" content=\"Gesch\u00e4tzte Lesezeit\" \/>\n\t<meta name=\"twitter:data1\" content=\"3\u00a0Minuten\" \/>\n<script type=\"application\/ld+json\" class=\"yoast-schema-graph\">{\"@context\":\"https:\\\/\\\/schema.org\",\"@graph\":[{\"@type\":\"WebPage\",\"@id\":\"https:\\\/\\\/www.dueco-wahlen.ch\\\/wp\\\/farbpalette\\\/\",\"url\":\"https:\\\/\\\/www.dueco-wahlen.ch\\\/wp\\\/farbpalette\\\/\",\"name\":\"farbige Hartschaumsockelleisten I farbige PVC-Hartschaumsockelleisten I farbige Alu-Hartschaumsockelleisten\",\"isPartOf\":{\"@id\":\"https:\\\/\\\/www.dueco-wahlen.ch\\\/wp\\\/#website\"},\"primaryImageOfPage\":{\"@id\":\"https:\\\/\\\/www.dueco-wahlen.ch\\\/wp\\\/farbpalette\\\/#primaryimage\"},\"image\":{\"@id\":\"https:\\\/\\\/www.dueco-wahlen.ch\\\/wp\\\/farbpalette\\\/#primaryimage\"},\"thumbnailUrl\":\"https:\\\/\\\/www.dueco-wahlen.ch\\\/wp\\\/wp-content\\\/uploads\\\/2024\\\/04\\\/dueco.png\",\"datePublished\":\"2024-02-28T18:26:16+00:00\",\"dateModified\":\"2024-05-03T11:37:54+00:00\",\"description\":\"Aus Schweizer Produktion beliefern wir Sie mit farbige Hartschaumsockelleisten, farbige PVC-Hartschaumsockelleisten und farbige Alu-Hartschaumsockelleisten\",\"breadcrumb\":{\"@id\":\"https:\\\/\\\/www.dueco-wahlen.ch\\\/wp\\\/farbpalette\\\/#breadcrumb\"},\"inLanguage\":\"de\",\"potentialAction\":[{\"@type\":\"ReadAction\",\"target\":[\"https:\\\/\\\/www.dueco-wahlen.ch\\\/wp\\\/farbpalette\\\/\"]}]},{\"@type\":\"ImageObject\",\"inLanguage\":\"de\",\"@id\":\"https:\\\/\\\/www.dueco-wahlen.ch\\\/wp\\\/farbpalette\\\/#primaryimage\",\"url\":\"https:\\\/\\\/www.dueco-wahlen.ch\\\/wp\\\/wp-content\\\/uploads\\\/2024\\\/04\\\/dueco.png\",\"contentUrl\":\"https:\\\/\\\/www.dueco-wahlen.ch\\\/wp\\\/wp-content\\\/uploads\\\/2024\\\/04\\\/dueco.png\",\"width\":277,\"height\":96},{\"@type\":\"BreadcrumbList\",\"@id\":\"https:\\\/\\\/www.dueco-wahlen.ch\\\/wp\\\/farbpalette\\\/#breadcrumb\",\"itemListElement\":[{\"@type\":\"ListItem\",\"position\":1,\"name\":\"Home\",\"item\":\"https:\\\/\\\/www.dueco-wahlen.ch\\\/wp\\\/\"},{\"@type\":\"ListItem\",\"position\":2,\"name\":\"Farbpalette\"}]},{\"@type\":\"WebSite\",\"@id\":\"https:\\\/\\\/www.dueco-wahlen.ch\\\/wp\\\/#website\",\"url\":\"https:\\\/\\\/www.dueco-wahlen.ch\\\/wp\\\/\",\"name\":\"D\u00fcco Wahlen AG\",\"description\":\"Sockelleisten I Hartschaumsockelleisten\",\"publisher\":{\"@id\":\"https:\\\/\\\/www.dueco-wahlen.ch\\\/wp\\\/#organization\"},\"potentialAction\":[{\"@type\":\"SearchAction\",\"target\":{\"@type\":\"EntryPoint\",\"urlTemplate\":\"https:\\\/\\\/www.dueco-wahlen.ch\\\/wp\\\/?s={search_term_string}\"},\"query-input\":{\"@type\":\"PropertyValueSpecification\",\"valueRequired\":true,\"valueName\":\"search_term_string\"}}],\"inLanguage\":\"de\"},{\"@type\":\"Organization\",\"@id\":\"https:\\\/\\\/www.dueco-wahlen.ch\\\/wp\\\/#organization\",\"name\":\"D\u00fcco Wahlen AG\",\"url\":\"https:\\\/\\\/www.dueco-wahlen.ch\\\/wp\\\/\",\"logo\":{\"@type\":\"ImageObject\",\"inLanguage\":\"de\",\"@id\":\"https:\\\/\\\/www.dueco-wahlen.ch\\\/wp\\\/#\\\/schema\\\/logo\\\/image\\\/\",\"url\":\"https:\\\/\\\/www.dueco-wahlen.ch\\\/wp\\\/wp-content\\\/uploads\\\/2023\\\/06\\\/cropped-Dueco_favicon.png\",\"contentUrl\":\"https:\\\/\\\/www.dueco-wahlen.ch\\\/wp\\\/wp-content\\\/uploads\\\/2023\\\/06\\\/cropped-Dueco_favicon.png\",\"width\":512,\"height\":512,\"caption\":\"D\u00fcco Wahlen AG\"},\"image\":{\"@id\":\"https:\\\/\\\/www.dueco-wahlen.ch\\\/wp\\\/#\\\/schema\\\/logo\\\/image\\\/\"}}]}<\/script>\n<!-- \/ Yoast SEO plugin. -->","yoast_head_json":{"title":"farbige Hartschaumsockelleisten I farbige PVC-Hartschaumsockelleisten I farbige Alu-Hartschaumsockelleisten","description":"Aus Schweizer Produktion beliefern wir Sie mit farbige Hartschaumsockelleisten, farbige PVC-Hartschaumsockelleisten und farbige Alu-Hartschaumsockelleisten","robots":{"index":"index","follow":"follow","max-snippet":"max-snippet:-1","max-image-preview":"max-image-preview:large","max-video-preview":"max-video-preview:-1"},"canonical":"https:\/\/www.dueco-wahlen.ch\/wp\/farbpalette\/","og_locale":"de_DE","og_type":"article","og_title":"farbige Hartschaumsockelleisten I farbige PVC-Hartschaumsockelleisten I farbige Alu-Hartschaumsockelleisten","og_description":"Aus Schweizer Produktion beliefern wir Sie mit farbige Hartschaumsockelleisten, farbige PVC-Hartschaumsockelleisten und farbige Alu-Hartschaumsockelleisten","og_url":"https:\/\/www.dueco-wahlen.ch\/wp\/farbpalette\/","og_site_name":"D\u00fcco Wahlen AG","article_modified_time":"2024-05-03T11:37:54+00:00","og_image":[{"url":"https:\/\/www.dueco-wahlen.ch\/wp\/wp-content\/uploads\/2024\/04\/dueco.png","type":"","width":"","height":""}],"twitter_card":"summary_large_image","twitter_misc":{"Gesch\u00e4tzte Lesezeit":"3\u00a0Minuten"},"schema":{"@context":"https:\/\/schema.org","@graph":[{"@type":"WebPage","@id":"https:\/\/www.dueco-wahlen.ch\/wp\/farbpalette\/","url":"https:\/\/www.dueco-wahlen.ch\/wp\/farbpalette\/","name":"farbige Hartschaumsockelleisten I farbige PVC-Hartschaumsockelleisten I farbige Alu-Hartschaumsockelleisten","isPartOf":{"@id":"https:\/\/www.dueco-wahlen.ch\/wp\/#website"},"primaryImageOfPage":{"@id":"https:\/\/www.dueco-wahlen.ch\/wp\/farbpalette\/#primaryimage"},"image":{"@id":"https:\/\/www.dueco-wahlen.ch\/wp\/farbpalette\/#primaryimage"},"thumbnailUrl":"https:\/\/www.dueco-wahlen.ch\/wp\/wp-content\/uploads\/2024\/04\/dueco.png","datePublished":"2024-02-28T18:26:16+00:00","dateModified":"2024-05-03T11:37:54+00:00","description":"Aus Schweizer Produktion beliefern wir Sie mit farbige Hartschaumsockelleisten, farbige PVC-Hartschaumsockelleisten und farbige Alu-Hartschaumsockelleisten","breadcrumb":{"@id":"https:\/\/www.dueco-wahlen.ch\/wp\/farbpalette\/#breadcrumb"},"inLanguage":"de","potentialAction":[{"@type":"ReadAction","target":["https:\/\/www.dueco-wahlen.ch\/wp\/farbpalette\/"]}]},{"@type":"ImageObject","inLanguage":"de","@id":"https:\/\/www.dueco-wahlen.ch\/wp\/farbpalette\/#primaryimage","url":"https:\/\/www.dueco-wahlen.ch\/wp\/wp-content\/uploads\/2024\/04\/dueco.png","contentUrl":"https:\/\/www.dueco-wahlen.ch\/wp\/wp-content\/uploads\/2024\/04\/dueco.png","width":277,"height":96},{"@type":"BreadcrumbList","@id":"https:\/\/www.dueco-wahlen.ch\/wp\/farbpalette\/#breadcrumb","itemListElement":[{"@type":"ListItem","position":1,"name":"Home","item":"https:\/\/www.dueco-wahlen.ch\/wp\/"},{"@type":"ListItem","position":2,"name":"Farbpalette"}]},{"@type":"WebSite","@id":"https:\/\/www.dueco-wahlen.ch\/wp\/#website","url":"https:\/\/www.dueco-wahlen.ch\/wp\/","name":"D\u00fcco Wahlen AG","description":"Sockelleisten I Hartschaumsockelleisten","publisher":{"@id":"https:\/\/www.dueco-wahlen.ch\/wp\/#organization"},"potentialAction":[{"@type":"SearchAction","target":{"@type":"EntryPoint","urlTemplate":"https:\/\/www.dueco-wahlen.ch\/wp\/?s={search_term_string}"},"query-input":{"@type":"PropertyValueSpecification","valueRequired":true,"valueName":"search_term_string"}}],"inLanguage":"de"},{"@type":"Organization","@id":"https:\/\/www.dueco-wahlen.ch\/wp\/#organization","name":"D\u00fcco Wahlen AG","url":"https:\/\/www.dueco-wahlen.ch\/wp\/","logo":{"@type":"ImageObject","inLanguage":"de","@id":"https:\/\/www.dueco-wahlen.ch\/wp\/#\/schema\/logo\/image\/","url":"https:\/\/www.dueco-wahlen.ch\/wp\/wp-content\/uploads\/2023\/06\/cropped-Dueco_favicon.png","contentUrl":"https:\/\/www.dueco-wahlen.ch\/wp\/wp-content\/uploads\/2023\/06\/cropped-Dueco_favicon.png","width":512,"height":512,"caption":"D\u00fcco Wahlen AG"},"image":{"@id":"https:\/\/www.dueco-wahlen.ch\/wp\/#\/schema\/logo\/image\/"}}]}},"_links":{"self":[{"href":"https:\/\/www.dueco-wahlen.ch\/wp\/wp-json\/wp\/v2\/pages\/3522","targetHints":{"allow":["GET"]}}],"collection":[{"href":"https:\/\/www.dueco-wahlen.ch\/wp\/wp-json\/wp\/v2\/pages"}],"about":[{"href":"https:\/\/www.dueco-wahlen.ch\/wp\/wp-json\/wp\/v2\/types\/page"}],"author":[{"embeddable":true,"href":"https:\/\/www.dueco-wahlen.ch\/wp\/wp-json\/wp\/v2\/users\/2"}],"replies":[{"embeddable":true,"href":"https:\/\/www.dueco-wahlen.ch\/wp\/wp-json\/wp\/v2\/comments?post=3522"}],"version-history":[{"count":5,"href":"https:\/\/www.dueco-wahlen.ch\/wp\/wp-json\/wp\/v2\/pages\/3522\/revisions"}],"predecessor-version":[{"id":3708,"href":"https:\/\/www.dueco-wahlen.ch\/wp\/wp-json\/wp\/v2\/pages\/3522\/revisions\/3708"}],"wp:attachment":[{"href":"https:\/\/www.dueco-wahlen.ch\/wp\/wp-json\/wp\/v2\/media?parent=3522"}],"curies":[{"name":"wp","href":"https:\/\/api.w.org\/{rel}","templated":true}]}}